{"id":107,"date":"2018-10-30T14:47:10","date_gmt":"2018-10-30T14:47:10","guid":{"rendered":"http:\/\/www.hrservices.es\/?page_id=107"},"modified":"2023-09-03T17:13:41","modified_gmt":"2023-09-03T17:13:41","slug":"otros-servicios","status":"publish","type":"page","link":"http:\/\/wp2.hrservices.es\/?page_id=107","title":{"rendered":"+ Servicios"},"content":{"rendered":"<div class=\"wp-block-image\">\n<figure class=\"alignleft\"><img decoding=\"async\" loading=\"lazy\" width=\"300\" height=\"196\" src=\"http:\/\/www.hrservices.es\/wp-content\/uploads\/2018\/11\/law-1991004_1920-300x196.jpg\" alt=\"\" class=\"wp-image-151\" srcset=\"http:\/\/wp2.hrservices.es\/wp-content\/uploads\/2018\/11\/law-1991004_1920-300x196.jpg 300w, http:\/\/wp2.hrservices.es\/wp-content\/uploads\/2018\/11\/law-1991004_1920-768x502.jpg 768w, http:\/\/wp2.hrservices.es\/wp-content\/uploads\/2018\/11\/law-1991004_1920-1024x669.jpg 1024w, http:\/\/wp2.hrservices.es\/wp-content\/uploads\/2018\/11\/law-1991004_1920-700x458.jpg 700w, http:\/\/wp2.hrservices.es\/wp-content\/uploads\/2018\/11\/law-1991004_1920-520x340.jpg 520w, http:\/\/wp2.hrservices.es\/wp-content\/uploads\/2018\/11\/law-1991004_1920-360x235.jpg 360w, http:\/\/wp2.hrservices.es\/wp-content\/uploads\/2018\/11\/law-1991004_1920-250x163.jpg 250w, http:\/\/wp2.hrservices.es\/wp-content\/uploads\/2018\/11\/law-1991004_1920-100x65.jpg 100w, http:\/\/wp2.hrservices.es\/wp-content\/uploads\/2018\/11\/law-1991004_1920.jpg 1920w\" sizes=\"(max-width: 300px) 100vw, 300px\" \/><\/figure><\/div>\n\n\n<h3 class=\"wp-block-heading\">Asesoramiento laboral<\/h3>\n\n\n\n<ul>\n<li>Contamos con mas de 20 a\u00f1os de experiencia en todo tipo de procesos laborales, inspecciones de trabajo, sanciones y despidos.  Clausulas adicionales al contrato<\/li>\n<\/ul>\n\n\n\n<p><\/p>\n\n\n\n<p><\/p>\n\n\n\n<div class=\"wp-block-group is-layout-constrained wp-block-group-is-layout-constrained\"><div class=\"wp-block-group__inner-container\">\n<div class=\"wp-block-group is-layout-constrained wp-block-group-is-layout-constrained\"><div class=\"wp-block-group__inner-container\">\n<h3 class=\"wp-block-heading has-text-align-left\"><img decoding=\"async\" loading=\"lazy\" class=\"size-medium wp-image-152 alignleft\" src=\"http:\/\/www.hrservices.es\/wp-content\/uploads\/2018\/11\/firefighter-3747363_1920-300x200.jpg\" alt=\"\" width=\"300\" height=\"200\" srcset=\"http:\/\/wp2.hrservices.es\/wp-content\/uploads\/2018\/11\/firefighter-3747363_1920-300x200.jpg 300w, http:\/\/wp2.hrservices.es\/wp-content\/uploads\/2018\/11\/firefighter-3747363_1920-768x512.jpg 768w, http:\/\/wp2.hrservices.es\/wp-content\/uploads\/2018\/11\/firefighter-3747363_1920-1024x683.jpg 1024w, http:\/\/wp2.hrservices.es\/wp-content\/uploads\/2018\/11\/firefighter-3747363_1920-700x467.jpg 700w, http:\/\/wp2.hrservices.es\/wp-content\/uploads\/2018\/11\/firefighter-3747363_1920-520x347.jpg 520w, http:\/\/wp2.hrservices.es\/wp-content\/uploads\/2018\/11\/firefighter-3747363_1920-360x240.jpg 360w, http:\/\/wp2.hrservices.es\/wp-content\/uploads\/2018\/11\/firefighter-3747363_1920-250x167.jpg 250w, http:\/\/wp2.hrservices.es\/wp-content\/uploads\/2018\/11\/firefighter-3747363_1920-100x67.jpg 100w, http:\/\/wp2.hrservices.es\/wp-content\/uploads\/2018\/11\/firefighter-3747363_1920.jpg 1920w\" sizes=\"(max-width: 300px) 100vw, 300px\" \/>Coordinaci\u00f3n de PRL<\/h3>\n\n\n\n<div class=\"wp-block-group is-layout-constrained wp-block-group-is-layout-constrained\"><div class=\"wp-block-group__inner-container\">\n<p class=\"has-text-align-left\">Tramitamos con los servicios de prevenci\u00f3n ajena y la Mutua de accidentes todo lo relacionado con :<\/p>\n\n\n\n<ul>\n<li>Seguridad de la Salud<\/li>\n\n\n\n<li>Evaluaci\u00f3n de Puestos<\/li>\n\n\n\n<li>&nbsp;Planes de Emergencia<\/li>\n<\/ul>\n<\/div><\/div>\n\n\n\n<div class=\"wp-block-group is-layout-constrained wp-block-group-is-layout-constrained\"><div class=\"wp-block-group__inner-container\"><\/div><\/div>\n<\/div><\/div>\n<\/div><\/div>\n\n\n\n<ul><\/ul>\n\n\n\n<h3 class=\"wp-block-heading\">B\u00fasqueda de formaci\u00f3n<img decoding=\"async\" loading=\"lazy\" class=\"size-medium wp-image-154 alignright\" src=\"http:\/\/www.hrservices.es\/wp-content\/uploads\/2018\/11\/classroom-1209820_1920-300x225.jpg\" alt=\"\" width=\"300\" height=\"225\" srcset=\"http:\/\/wp2.hrservices.es\/wp-content\/uploads\/2018\/11\/classroom-1209820_1920-300x225.jpg 300w, http:\/\/wp2.hrservices.es\/wp-content\/uploads\/2018\/11\/classroom-1209820_1920-768x576.jpg 768w, http:\/\/wp2.hrservices.es\/wp-content\/uploads\/2018\/11\/classroom-1209820_1920-1024x768.jpg 1024w, http:\/\/wp2.hrservices.es\/wp-content\/uploads\/2018\/11\/classroom-1209820_1920-700x525.jpg 700w, http:\/\/wp2.hrservices.es\/wp-content\/uploads\/2018\/11\/classroom-1209820_1920-520x390.jpg 520w, http:\/\/wp2.hrservices.es\/wp-content\/uploads\/2018\/11\/classroom-1209820_1920-360x270.jpg 360w, http:\/\/wp2.hrservices.es\/wp-content\/uploads\/2018\/11\/classroom-1209820_1920-250x188.jpg 250w, http:\/\/wp2.hrservices.es\/wp-content\/uploads\/2018\/11\/classroom-1209820_1920-100x75.jpg 100w, http:\/\/wp2.hrservices.es\/wp-content\/uploads\/2018\/11\/classroom-1209820_1920.jpg 1920w\" sizes=\"(max-width: 300px) 100vw, 300px\" \/><\/h3>\n\n\n\n<p>Gestionamos la b\u00fasqueda de cursos a medida para su compa\u00f1\u00eda.<\/p>\n\n\n\n<ul>\n<li>Cursos generales ( Ofim\u00e1tica, Idiomas )<\/li>\n\n\n\n<li>Cursos espec\u00edficos ( Programaci\u00f3n , dise\u00f1o web ).<\/li>\n<\/ul>\n\n\n\n<h3 class=\"wp-block-heading\"><img decoding=\"async\" loading=\"lazy\" class=\"size-medium wp-image-156 alignleft\" src=\"http:\/\/www.hrservices.es\/wp-content\/uploads\/2018\/11\/class-1986501_1920-300x200.jpg\" alt=\"\" width=\"300\" height=\"200\" srcset=\"http:\/\/wp2.hrservices.es\/wp-content\/uploads\/2018\/11\/class-1986501_1920-300x200.jpg 300w, http:\/\/wp2.hrservices.es\/wp-content\/uploads\/2018\/11\/class-1986501_1920-768x512.jpg 768w, http:\/\/wp2.hrservices.es\/wp-content\/uploads\/2018\/11\/class-1986501_1920-1024x683.jpg 1024w, http:\/\/wp2.hrservices.es\/wp-content\/uploads\/2018\/11\/class-1986501_1920-700x467.jpg 700w, http:\/\/wp2.hrservices.es\/wp-content\/uploads\/2018\/11\/class-1986501_1920-520x347.jpg 520w, http:\/\/wp2.hrservices.es\/wp-content\/uploads\/2018\/11\/class-1986501_1920-360x240.jpg 360w, http:\/\/wp2.hrservices.es\/wp-content\/uploads\/2018\/11\/class-1986501_1920-250x167.jpg 250w, http:\/\/wp2.hrservices.es\/wp-content\/uploads\/2018\/11\/class-1986501_1920-100x67.jpg 100w, http:\/\/wp2.hrservices.es\/wp-content\/uploads\/2018\/11\/class-1986501_1920.jpg 1920w\" sizes=\"(max-width: 300px) 100vw, 300px\" \/><\/h3>\n\n\n\n<h3 class=\"wp-block-heading\"> Gesti\u00f3n del cr\u00e9dito de formaci\u00f3n<\/h3>\n\n\n\n<p>Realizamos el proceso completo para solicitar, el cr\u00e9dito en   formaci\u00f3n disponible para la empresa. Alta y seguimiento en FUNDAE.<\/p>\n\n\n\n<ul><\/ul>\n","protected":false},"excerpt":{"rendered":"<p>Asesoramiento laboral Coordinaci\u00f3n de PRL Tramitamos con los servicios de prevenci\u00f3n ajena y la Mutua de accidentes todo lo relacionado con : B\u00fasqueda de formaci\u00f3n Gestionamos la b\u00fasqueda de cursos a medida para su compa\u00f1\u00eda. Gesti\u00f3n del cr\u00e9dito de formaci\u00f3n Realizamos el proceso completo para solicitar, el cr\u00e9dito en formaci\u00f3n disponible para la empresa. Alta &hellip; <\/p>\n<p class=\"link-more\"><a href=\"http:\/\/wp2.hrservices.es\/?page_id=107\" class=\"more-link\">Continuar leyendo<span class=\"screen-reader-text\"> \u00ab+ Servicios\u00bb<\/span><\/a><\/p>\n","protected":false},"author":2,"featured_media":155,"parent":0,"menu_order":4,"comment_status":"closed","ping_status":"closed","template":"","meta":{"footnotes":""},"_links":{"self":[{"href":"http:\/\/wp2.hrservices.es\/index.php?rest_route=\/wp\/v2\/pages\/107"}],"collection":[{"href":"http:\/\/wp2.hrservices.es\/index.php?rest_route=\/wp\/v2\/pages"}],"about":[{"href":"http:\/\/wp2.hrservices.es\/index.php?rest_route=\/wp\/v2\/types\/page"}],"author":[{"embeddable":true,"href":"http:\/\/wp2.hrservices.es\/index.php?rest_route=\/wp\/v2\/users\/2"}],"replies":[{"embeddable":true,"href":"http:\/\/wp2.hrservices.es\/index.php?rest_route=%2Fwp%2Fv2%2Fcomments&post=107"}],"version-history":[{"count":12,"href":"http:\/\/wp2.hrservices.es\/index.php?rest_route=\/wp\/v2\/pages\/107\/revisions"}],"predecessor-version":[{"id":252,"href":"http:\/\/wp2.hrservices.es\/index.php?rest_route=\/wp\/v2\/pages\/107\/revisions\/252"}],"wp:featuredmedia":[{"embeddable":true,"href":"http:\/\/wp2.hrservices.es\/index.php?rest_route=\/wp\/v2\/media\/155"}],"wp:attachment":[{"href":"http:\/\/wp2.hrservices.es\/index.php?rest_route=%2Fwp%2Fv2%2Fmedia&parent=107"}],"curies":[{"name":"wp","href":"https:\/\/api.w.org\/{rel}","templated":true}]}}